{"id":37318,"date":"2025-02-24T18:37:40","date_gmt":"2025-02-24T16:37:40","guid":{"rendered":"https:\/\/lowrain.lt\/?post_type=product&#038;p=37318"},"modified":"2025-02-24T18:37:40","modified_gmt":"2025-02-24T16:37:40","slug":"stabilizuotas-bonsai-medis-2","status":"publish","type":"product","link":"https:\/\/lowrain.lt\/?product=stabilizuotas-bonsai-medis-2","title":{"rendered":"STABILIZUOTAS BONSAI MEDIS 2"},"content":{"rendered":"<p>Ilgalaikis dekoras be vandens ir prie\u017ei\u016bros. Nestatyti tiesiogin\u0117s saul\u0117s \u0161viesoje.<\/p>\n","protected":false},"excerpt":{"rendered":"<p>Ilgalaikis dekoras be vandens ir prie\u017ei\u016bros. Nestatyti tiesiogin\u0117s saul\u0117s \u0161viesoje.<\/p>\n","protected":false},"featured_media":37319,"comment_status":"open","ping_status":"closed","template":"","meta":[],"product_brand":[],"product_cat":[299,297,298],"product_tag":[],"class_list":{"0":"post-37318","1":"product","2":"type-product","3":"status-publish","4":"has-post-thumbnail","6":"product_cat-biurui","7":"product_cat-dovanos","8":"product_cat-namams","10":"first","11":"instock","12":"shipping-taxable","13":"purchasable","14":"product-type-simple"},"_links":{"self":[{"href":"https:\/\/lowrain.lt\/index.php?rest_route=\/wp\/v2\/product\/37318","targetHints":{"allow":["GET"]}}],"collection":[{"href":"https:\/\/lowrain.lt\/index.php?rest_route=\/wp\/v2\/product"}],"about":[{"href":"https:\/\/lowrain.lt\/index.php?rest_route=\/wp\/v2\/types\/product"}],"replies":[{"embeddable":true,"href":"https:\/\/lowrain.lt\/index.php?rest_route=%2Fwp%2Fv2%2Fcomments&post=37318"}],"wp:featuredmedia":[{"embeddable":true,"href":"https:\/\/lowrain.lt\/index.php?rest_route=\/wp\/v2\/media\/37319"}],"wp:attachment":[{"href":"https:\/\/lowrain.lt\/index.php?rest_route=%2Fwp%2Fv2%2Fmedia&parent=37318"}],"wp:term":[{"taxonomy":"product_brand","embeddable":true,"href":"https:\/\/lowrain.lt\/index.php?rest_route=%2Fwp%2Fv2%2Fproduct_brand&post=37318"},{"taxonomy":"product_cat","embeddable":true,"href":"https:\/\/lowrain.lt\/index.php?rest_route=%2Fwp%2Fv2%2Fproduct_cat&post=37318"},{"taxonomy":"product_tag","embeddable":true,"href":"https:\/\/lowrain.lt\/index.php?rest_route=%2Fwp%2Fv2%2Fproduct_tag&post=37318"}],"curies":[{"name":"wp","href":"https:\/\/api.w.org\/{rel}","templated":true}]}}