{"id":37312,"date":"2025-02-24T18:29:35","date_gmt":"2025-02-24T16:29:35","guid":{"rendered":"https:\/\/lowrain.lt\/?post_type=product&#038;p=37312"},"modified":"2025-02-24T18:29:35","modified_gmt":"2025-02-24T16:29:35","slug":"strelitzia-nicolai-180cm","status":"publish","type":"product","link":"https:\/\/lowrain.lt\/?product=strelitzia-nicolai-180cm","title":{"rendered":"STRELITZIA NICOLAI 180cm"},"content":{"rendered":"<p>Su dekoratyviu vazonu (antracito\/baltas\/pilkas, kakavos sp.) I\u0161siskiria dideliais lapais, pana\u0161us \u012f bananmed\u012f. M\u0117gsta ry\u0161ki\u0105, tiesiogin\u0119 ir netiesiogin\u0119 saul\u0117s \u0161vies\u0105, nepaken\u010dia v\u0117sesnio oro nei +10. Lieti kas 7 d. kai vir\u0161utinis dirvos sluoksnis i\u0161d\u017ei\u016bsta. Strelitzia patalpose retai pra\u017e\u012fsta, lapai nat\u016braliai ply\u0161ta d\u0117l prisitaikymo augti v\u0117juotoje aplinkoje<\/p>\n","protected":false},"excerpt":{"rendered":"<p>Su dekoratyviu vazonu (antracito\/baltas\/pilkas, kakavos sp.) I\u0161siskiria dideliais lapais, pana\u0161us \u012f bananmed\u012f. M\u0117gsta ry\u0161ki\u0105, tiesiogin\u0119 ir netiesiogin\u0119 saul\u0117s \u0161vies\u0105, nepaken\u010dia v\u0117sesnio oro nei +10. Lieti kas 7 d. kai vir\u0161utinis&hellip;<\/p>\n","protected":false},"featured_media":37313,"comment_status":"open","ping_status":"closed","template":"","meta":[],"product_brand":[],"product_cat":[299,298],"product_tag":[],"class_list":{"0":"post-37312","1":"product","2":"type-product","3":"status-publish","4":"has-post-thumbnail","6":"product_cat-biurui","7":"product_cat-namams","9":"first","10":"instock","11":"shipping-taxable","12":"purchasable","13":"product-type-simple"},"_links":{"self":[{"href":"https:\/\/lowrain.lt\/index.php?rest_route=\/wp\/v2\/product\/37312","targetHints":{"allow":["GET"]}}],"collection":[{"href":"https:\/\/lowrain.lt\/index.php?rest_route=\/wp\/v2\/product"}],"about":[{"href":"https:\/\/lowrain.lt\/index.php?rest_route=\/wp\/v2\/types\/product"}],"replies":[{"embeddable":true,"href":"https:\/\/lowrain.lt\/index.php?rest_route=%2Fwp%2Fv2%2Fcomments&post=37312"}],"wp:featuredmedia":[{"embeddable":true,"href":"https:\/\/lowrain.lt\/index.php?rest_route=\/wp\/v2\/media\/37313"}],"wp:attachment":[{"href":"https:\/\/lowrain.lt\/index.php?rest_route=%2Fwp%2Fv2%2Fmedia&parent=37312"}],"wp:term":[{"taxonomy":"product_brand","embeddable":true,"href":"https:\/\/lowrain.lt\/index.php?rest_route=%2Fwp%2Fv2%2Fproduct_brand&post=37312"},{"taxonomy":"product_cat","embeddable":true,"href":"https:\/\/lowrain.lt\/index.php?rest_route=%2Fwp%2Fv2%2Fproduct_cat&post=37312"},{"taxonomy":"product_tag","embeddable":true,"href":"https:\/\/lowrain.lt\/index.php?rest_route=%2Fwp%2Fv2%2Fproduct_tag&post=37312"}],"curies":[{"name":"wp","href":"https:\/\/api.w.org\/{rel}","templated":true}]}}