{"id":37301,"date":"2025-02-24T18:15:00","date_gmt":"2025-02-24T16:15:00","guid":{"rendered":"https:\/\/lowrain.lt\/?post_type=product&#038;p=37301"},"modified":"2025-02-24T18:15:00","modified_gmt":"2025-02-24T16:15:00","slug":"monstera-200cm","status":"publish","type":"product","link":"https:\/\/lowrain.lt\/?product=monstera-200cm","title":{"rendered":"MONSTERA 200cm"},"content":{"rendered":"<p>Su dekoratyviu vazonu (antracito\/baltas\/pilkas, kakavos sp.)Nereiklus greitai augantis tropinis augalas. I\u0161siskiria \u012fsp\u016bdingais skyl\u0117tais lapais. Turi oro \u0161aknis, kuriomis \u0161 M\u0117gsta netiesiogin\u0119 saul\u0117s \u0161vies\u0105, gali prisitaikyti \u0161\u0117\u0161\u0117lyje. Lieti kas 7 d. kai vir\u0161utinis dirvos sluoksnis i\u0161d\u017ei\u016bsta.<\/p>\n","protected":false},"excerpt":{"rendered":"<p>Su dekoratyviu vazonu (antracito\/baltas\/pilkas, kakavos sp.)Nereiklus greitai augantis tropinis augalas. I\u0161siskiria \u012fsp\u016bdingais skyl\u0117tais lapais. Turi oro \u0161aknis, kuriomis \u0161 M\u0117gsta netiesiogin\u0119 saul\u0117s \u0161vies\u0105, gali prisitaikyti \u0161\u0117\u0161\u0117lyje. Lieti kas 7 d.&hellip;<\/p>\n","protected":false},"featured_media":37302,"comment_status":"open","ping_status":"closed","template":"","meta":[],"product_brand":[],"product_cat":[299,298],"product_tag":[],"class_list":{"0":"post-37301","1":"product","2":"type-product","3":"status-publish","4":"has-post-thumbnail","6":"product_cat-biurui","7":"product_cat-namams","9":"first","10":"instock","11":"shipping-taxable","12":"purchasable","13":"product-type-simple"},"_links":{"self":[{"href":"https:\/\/lowrain.lt\/index.php?rest_route=\/wp\/v2\/product\/37301","targetHints":{"allow":["GET"]}}],"collection":[{"href":"https:\/\/lowrain.lt\/index.php?rest_route=\/wp\/v2\/product"}],"about":[{"href":"https:\/\/lowrain.lt\/index.php?rest_route=\/wp\/v2\/types\/product"}],"replies":[{"embeddable":true,"href":"https:\/\/lowrain.lt\/index.php?rest_route=%2Fwp%2Fv2%2Fcomments&post=37301"}],"wp:featuredmedia":[{"embeddable":true,"href":"https:\/\/lowrain.lt\/index.php?rest_route=\/wp\/v2\/media\/37302"}],"wp:attachment":[{"href":"https:\/\/lowrain.lt\/index.php?rest_route=%2Fwp%2Fv2%2Fmedia&parent=37301"}],"wp:term":[{"taxonomy":"product_brand","embeddable":true,"href":"https:\/\/lowrain.lt\/index.php?rest_route=%2Fwp%2Fv2%2Fproduct_brand&post=37301"},{"taxonomy":"product_cat","embeddable":true,"href":"https:\/\/lowrain.lt\/index.php?rest_route=%2Fwp%2Fv2%2Fproduct_cat&post=37301"},{"taxonomy":"product_tag","embeddable":true,"href":"https:\/\/lowrain.lt\/index.php?rest_route=%2Fwp%2Fv2%2Fproduct_tag&post=37301"}],"curies":[{"name":"wp","href":"https:\/\/api.w.org\/{rel}","templated":true}]}}