{"id":37298,"date":"2025-02-24T18:05:15","date_gmt":"2025-02-24T16:05:15","guid":{"rendered":"https:\/\/lowrain.lt\/?post_type=product&#038;p=37298"},"modified":"2025-02-27T13:01:52","modified_gmt":"2025-02-27T11:01:52","slug":"shrilanka","status":"publish","type":"product","link":"https:\/\/lowrain.lt\/?product=shrilanka","title":{"rendered":"SHRILANKA"},"content":{"rendered":"<p>Pagal u\u017esakym\u0105 gaminame \u012fvairaus dyd\u017eio sta\u010diakampius saman\u0173 ir kit\u0173 stabilizuot\u0173 augal\u0173 paveikslus su LED ap\u0161vietimu. Paveikslas su LED ap\u0161vietimu yra i\u0161skirtinis interjero akcentas, vakaro \u0161viesoje ir prieblandoje atsiskleid\u017eia \u012fsp\u016bdingas augal\u0173 form\u0173 ir fakt\u016br\u0173 \u017eaismas. Tokie paveikslai savo i\u0161vaizd\u0105 ir spalv\u0105 i\u0161laiko 3-5 metus. Tiesiogin\u0117 saul\u0117s \u0161viesa kei\u010dia augal\u0173 spalv\u0105. Nereikalinga prie\u017ei\u016bra ir vanduo. Naujas saman\u0173 paveikslas gali tur\u0117ti nestipr\u0173 kvap\u0105 d\u0117l nat\u016brali\u0173 augalo savybi\u0173, kuris greitai i\u0161nyksta. <\/p>\n","protected":false},"excerpt":{"rendered":"<p>Stabilizuot\u0173 mi\u0161ri\u0173 augal\u0173 paveikslas su LED ap\u0161vietimu<\/p>\n","protected":false},"featured_media":37299,"comment_status":"open","ping_status":"closed","template":"","meta":[],"product_brand":[],"product_cat":[299,298,300,296],"product_tag":[],"class_list":{"0":"post-37298","1":"product","2":"type-product","3":"status-publish","4":"has-post-thumbnail","6":"product_cat-biurui","7":"product_cat-namams","8":"product_cat-premium","9":"product_cat-samanos","11":"first","12":"onbackorder","13":"sold-individually","14":"shipping-taxable","15":"purchasable","16":"product-type-simple"},"_links":{"self":[{"href":"https:\/\/lowrain.lt\/index.php?rest_route=\/wp\/v2\/product\/37298","targetHints":{"allow":["GET"]}}],"collection":[{"href":"https:\/\/lowrain.lt\/index.php?rest_route=\/wp\/v2\/product"}],"about":[{"href":"https:\/\/lowrain.lt\/index.php?rest_route=\/wp\/v2\/types\/product"}],"replies":[{"embeddable":true,"href":"https:\/\/lowrain.lt\/index.php?rest_route=%2Fwp%2Fv2%2Fcomments&post=37298"}],"wp:featuredmedia":[{"embeddable":true,"href":"https:\/\/lowrain.lt\/index.php?rest_route=\/wp\/v2\/media\/37299"}],"wp:attachment":[{"href":"https:\/\/lowrain.lt\/index.php?rest_route=%2Fwp%2Fv2%2Fmedia&parent=37298"}],"wp:term":[{"taxonomy":"product_brand","embeddable":true,"href":"https:\/\/lowrain.lt\/index.php?rest_route=%2Fwp%2Fv2%2Fproduct_brand&post=37298"},{"taxonomy":"product_cat","embeddable":true,"href":"https:\/\/lowrain.lt\/index.php?rest_route=%2Fwp%2Fv2%2Fproduct_cat&post=37298"},{"taxonomy":"product_tag","embeddable":true,"href":"https:\/\/lowrain.lt\/index.php?rest_route=%2Fwp%2Fv2%2Fproduct_tag&post=37298"}],"curies":[{"name":"wp","href":"https:\/\/api.w.org\/{rel}","templated":true}]}}