{"id":37275,"date":"2025-02-24T17:28:10","date_gmt":"2025-02-24T15:28:10","guid":{"rendered":"https:\/\/lowrain.lt\/?post_type=product&#038;p=37275"},"modified":"2025-09-29T12:08:30","modified_gmt":"2025-09-29T10:08:30","slug":"dot-dark","status":"publish","type":"product","link":"https:\/\/lowrain.lt\/?product=dot-dark","title":{"rendered":"COLOUT WORLD"},"content":{"rendered":"<p>Skandinavi\u0161kos samanos paveikslas . Minimalistinis dizainas, rank\u0173 darbo gaminys. Tinka dr\u0117gnose patalpose.<\/p>\n","protected":false},"excerpt":{"rendered":"<p>Skandinavi\u0161kos samanos paveikslas . Minimalistinis dizainas, rank\u0173 darbo gaminys. Tinka dr\u0117gnose patalpose.<\/p>\n","protected":false},"featured_media":37276,"comment_status":"open","ping_status":"closed","template":"","meta":[],"product_brand":[],"product_cat":[299,297,298,296],"product_tag":[],"class_list":{"0":"post-37275","1":"product","2":"type-product","3":"status-publish","4":"has-post-thumbnail","6":"product_cat-biurui","7":"product_cat-dovanos","8":"product_cat-namams","9":"product_cat-samanos","11":"first","12":"onbackorder","13":"shipping-taxable","14":"product-type-simple"},"_links":{"self":[{"href":"https:\/\/lowrain.lt\/index.php?rest_route=\/wp\/v2\/product\/37275","targetHints":{"allow":["GET"]}}],"collection":[{"href":"https:\/\/lowrain.lt\/index.php?rest_route=\/wp\/v2\/product"}],"about":[{"href":"https:\/\/lowrain.lt\/index.php?rest_route=\/wp\/v2\/types\/product"}],"replies":[{"embeddable":true,"href":"https:\/\/lowrain.lt\/index.php?rest_route=%2Fwp%2Fv2%2Fcomments&post=37275"}],"wp:featuredmedia":[{"embeddable":true,"href":"https:\/\/lowrain.lt\/index.php?rest_route=\/wp\/v2\/media\/37276"}],"wp:attachment":[{"href":"https:\/\/lowrain.lt\/index.php?rest_route=%2Fwp%2Fv2%2Fmedia&parent=37275"}],"wp:term":[{"taxonomy":"product_brand","embeddable":true,"href":"https:\/\/lowrain.lt\/index.php?rest_route=%2Fwp%2Fv2%2Fproduct_brand&post=37275"},{"taxonomy":"product_cat","embeddable":true,"href":"https:\/\/lowrain.lt\/index.php?rest_route=%2Fwp%2Fv2%2Fproduct_cat&post=37275"},{"taxonomy":"product_tag","embeddable":true,"href":"https:\/\/lowrain.lt\/index.php?rest_route=%2Fwp%2Fv2%2Fproduct_tag&post=37275"}],"curies":[{"name":"wp","href":"https:\/\/api.w.org\/{rel}","templated":true}]}}