{"id":4065,"date":"2020-05-27T13:50:41","date_gmt":"2020-05-27T13:50:41","guid":{"rendered":"https:\/\/lowrain.lt\/?page_id=4065"},"modified":"2025-02-28T09:43:02","modified_gmt":"2025-02-28T07:43:02","slug":"duk","status":"publish","type":"page","link":"https:\/\/lowrain.lt\/?page_id=4065","title":{"rendered":"DUK"},"content":{"rendered":"\t\t<div data-elementor-type=\"wp-page\" data-elementor-id=\"4065\" class=\"elementor elementor-4065\">\n\t\t\t\t\t\t<section class=\"elementor-section elementor-top-section elementor-element elementor-element-6a43522 elementor-section-boxed elementor-section-height-default elementor-section-height-default sc_fly_static\" data-id=\"6a43522\" data-element_type=\"section\" data-e-type=\"section\">\n\t\t\t\t\t\t<div class=\"elementor-container elementor-column-gap-extended\">\n\t\t\t\t\t<div class=\"elementor-column elementor-col-100 elementor-top-column elementor-element elementor-element-97bcb41 sc_content_align_inherit sc_layouts_column_icons_position_left sc_fly_static\" data-id=\"97bcb41\" data-element_type=\"column\" data-e-type=\"column\">\n\t\t\t<div class=\"elementor-widget-wrap elementor-element-populated\">\n\t\t\t\t\t\t<div class=\"elementor-element elementor-element-406fb23 sc_height_huge sc_fly_static elementor-widget elementor-widget-spacer\" data-id=\"406fb23\" data-element_type=\"widget\" data-e-type=\"widget\" data-widget_type=\"spacer.default\">\n\t\t\t\t<div class=\"elementor-widget-container\">\n\t\t\t\t\t\t\t<div class=\"elementor-spacer\">\n\t\t\t<div class=\"elementor-spacer-inner\"><\/div>\n\t\t<\/div>\n\t\t\t\t\t\t<\/div>\n\t\t\t\t<\/div>\n\t\t\t\t\t<\/div>\n\t\t<\/div>\n\t\t\t\t\t<\/div>\n\t\t<\/section>\n\t\t\t\t<section class=\"elementor-section elementor-top-section elementor-element elementor-element-77b398bb elementor-section-full_width elementor-section-content-middle elementor-section-height-default elementor-section-height-default sc_fly_static\" data-id=\"77b398bb\" data-element_type=\"section\" data-e-type=\"section\">\n\t\t\t\t\t\t<div class=\"elementor-container elementor-column-gap-no\">\n\t\t\t\t\t<div class=\"elementor-column elementor-col-50 elementor-top-column elementor-element elementor-element-4c3d6df4 sc_content_align_inherit sc_layouts_column_icons_position_left sc_fly_static\" data-id=\"4c3d6df4\" data-element_type=\"column\" data-e-type=\"column\" data-settings=\"{&quot;background_background&quot;:&quot;classic&quot;}\">\n\t\t\t<div class=\"elementor-widget-wrap elementor-element-populated\">\n\t\t\t\t\t\t<section class=\"elementor-section elementor-inner-section elementor-element elementor-element-4f290bc3 elementor-section-boxed elementor-section-height-default elementor-section-height-default sc_fly_static\" data-id=\"4f290bc3\" data-element_type=\"section\" data-e-type=\"section\" data-settings=\"{&quot;background_background&quot;:&quot;classic&quot;}\">\n\t\t\t\t\t\t<div class=\"elementor-container elementor-column-gap-no\">\n\t\t\t\t\t<div class=\"elementor-column elementor-col-50 elementor-inner-column elementor-element elementor-element-694ce0f7 sc_content_align_inherit sc_layouts_column_icons_position_left sc_fly_static\" data-id=\"694ce0f7\" data-element_type=\"column\" data-e-type=\"column\">\n\t\t\t<div class=\"elementor-widget-wrap elementor-element-populated\">\n\t\t\t\t\t\t<div data-animation-type=\"block\" class=\"elementor-element elementor-element-6dfd708 no-title animation_type_block sc_fly_static elementor-invisible elementor-widget elementor-widget-image\" data-id=\"6dfd708\" data-element_type=\"widget\" data-e-type=\"widget\" data-settings=\"{&quot;_animation&quot;:&quot;floria-fadeinup&quot;}\" data-widget_type=\"image.default\">\n\t\t\t\t<div class=\"elementor-widget-container\">\n\t\t\t\t\t\t\t\t\t\t\t\t\t\t\t<img fetchpriority=\"high\" decoding=\"async\" width=\"1000\" height=\"1500\" src=\"https:\/\/lowrain.lt\/wp-content\/uploads\/2025\/02\/Blue-Modern-Formal-Facebook-Profile-Picture-17.png\" class=\"attachment-full size-full wp-image-37210\" alt=\"\" srcset=\"https:\/\/lowrain.lt\/wp-content\/uploads\/2025\/02\/Blue-Modern-Formal-Facebook-Profile-Picture-17.png 1000w, https:\/\/lowrain.lt\/wp-content\/uploads\/2025\/02\/Blue-Modern-Formal-Facebook-Profile-Picture-17-630x945.png 630w, https:\/\/lowrain.lt\/wp-content\/uploads\/2025\/02\/Blue-Modern-Formal-Facebook-Profile-Picture-17-500x750.png 500w, https:\/\/lowrain.lt\/wp-content\/uploads\/2025\/02\/Blue-Modern-Formal-Facebook-Profile-Picture-17-200x300.png 200w, https:\/\/lowrain.lt\/wp-content\/uploads\/2025\/02\/Blue-Modern-Formal-Facebook-Profile-Picture-17-683x1024.png 683w, https:\/\/lowrain.lt\/wp-content\/uploads\/2025\/02\/Blue-Modern-Formal-Facebook-Profile-Picture-17-768x1152.png 768w, https:\/\/lowrain.lt\/wp-content\/uploads\/2025\/02\/Blue-Modern-Formal-Facebook-Profile-Picture-17-370x555.png 370w, https:\/\/lowrain.lt\/wp-content\/uploads\/2025\/02\/Blue-Modern-Formal-Facebook-Profile-Picture-17-840x1260.png 840w, https:\/\/lowrain.lt\/wp-content\/uploads\/2025\/02\/Blue-Modern-Formal-Facebook-Profile-Picture-17-410x615.png 410w\" sizes=\"(max-width: 1000px) 100vw, 1000px\" \/>\t\t\t\t\t\t\t\t\t\t\t\t\t\t\t<\/div>\n\t\t\t\t<\/div>\n\t\t\t\t\t<\/div>\n\t\t<\/div>\n\t\t\t\t<div data-animation-type=\"block\" class=\"elementor-column elementor-col-50 elementor-inner-column elementor-element elementor-element-490419f2 sc_content_align_center sc_layouts_column_icons_position_left animation_type_block sc_fly_static elementor-invisible\" data-id=\"490419f2\" data-element_type=\"column\" data-e-type=\"column\" data-settings=\"{&quot;background_background&quot;:&quot;classic&quot;,&quot;animation&quot;:&quot;zensoul-fadeinup&quot;,&quot;animation_delay&quot;:100}\">\n\t\t\t<div class=\"elementor-widget-wrap elementor-element-populated\">\n\t\t\t\t\t\t<div data-animation-type=\"block\" class=\"elementor-element elementor-element-54d2aac no-title animation_type_block sc_fly_static elementor-invisible elementor-widget elementor-widget-image\" data-id=\"54d2aac\" data-element_type=\"widget\" data-e-type=\"widget\" data-settings=\"{&quot;_animation&quot;:&quot;floria-fadeinup&quot;,&quot;_animation_delay&quot;:100}\" data-widget_type=\"image.default\">\n\t\t\t\t<div class=\"elementor-widget-container\">\n\t\t\t\t\t\t\t\t\t\t\t\t\t\t\t<img decoding=\"async\" width=\"1000\" height=\"1500\" src=\"https:\/\/lowrain.lt\/wp-content\/uploads\/2025\/02\/stabilizuotiaugala-lowrainerdviniaisprendimai-e3-2.jpg\" class=\"attachment-full size-full wp-image-37208\" alt=\"\" srcset=\"https:\/\/lowrain.lt\/wp-content\/uploads\/2025\/02\/stabilizuotiaugala-lowrainerdviniaisprendimai-e3-2.jpg 1000w, https:\/\/lowrain.lt\/wp-content\/uploads\/2025\/02\/stabilizuotiaugala-lowrainerdviniaisprendimai-e3-2-630x945.jpg 630w, https:\/\/lowrain.lt\/wp-content\/uploads\/2025\/02\/stabilizuotiaugala-lowrainerdviniaisprendimai-e3-2-500x750.jpg 500w, https:\/\/lowrain.lt\/wp-content\/uploads\/2025\/02\/stabilizuotiaugala-lowrainerdviniaisprendimai-e3-2-200x300.jpg 200w, https:\/\/lowrain.lt\/wp-content\/uploads\/2025\/02\/stabilizuotiaugala-lowrainerdviniaisprendimai-e3-2-683x1024.jpg 683w, https:\/\/lowrain.lt\/wp-content\/uploads\/2025\/02\/stabilizuotiaugala-lowrainerdviniaisprendimai-e3-2-768x1152.jpg 768w, https:\/\/lowrain.lt\/wp-content\/uploads\/2025\/02\/stabilizuotiaugala-lowrainerdviniaisprendimai-e3-2-370x555.jpg 370w, https:\/\/lowrain.lt\/wp-content\/uploads\/2025\/02\/stabilizuotiaugala-lowrainerdviniaisprendimai-e3-2-840x1260.jpg 840w, https:\/\/lowrain.lt\/wp-content\/uploads\/2025\/02\/stabilizuotiaugala-lowrainerdviniaisprendimai-e3-2-410x615.jpg 410w\" sizes=\"(max-width: 1000px) 100vw, 1000px\" \/>\t\t\t\t\t\t\t\t\t\t\t\t\t\t\t<\/div>\n\t\t\t\t<\/div>\n\t\t\t\t\t<\/div>\n\t\t<\/div>\n\t\t\t\t\t<\/div>\n\t\t<\/section>\n\t\t\t\t\t<\/div>\n\t\t<\/div>\n\t\t\t\t<div class=\"elementor-column elementor-col-50 elementor-top-column elementor-element elementor-element-67f63ccc sc_inner_width_1_2 sc-mobile_inner_width_none sc_content_align_inherit sc_layouts_column_icons_position_left sc_fly_static\" data-id=\"67f63ccc\" data-element_type=\"column\" data-e-type=\"column\">\n\t\t\t<div class=\"elementor-widget-wrap elementor-element-populated\">\n\t\t\t\t\t\t<section class=\"elementor-section elementor-inner-section elementor-element elementor-element-2d27f45d elementor-section-boxed elementor-section-height-default elementor-section-height-default sc_fly_static\" data-id=\"2d27f45d\" data-element_type=\"section\" data-e-type=\"section\">\n\t\t\t\t\t\t<div class=\"elementor-container elementor-column-gap-no\">\n\t\t\t\t\t<div class=\"elementor-column elementor-col-100 elementor-inner-column elementor-element elementor-element-75f5e9e sc_content_align_inherit sc_layouts_column_icons_position_left sc_fly_static\" data-id=\"75f5e9e\" data-element_type=\"column\" data-e-type=\"column\">\n\t\t\t<div class=\"elementor-widget-wrap elementor-element-populated\">\n\t\t\t\t\t\t<div class=\"elementor-element elementor-element-4e0d101 sc_height_medium sc_layouts_hide_on_tablet sc_layouts_hide_on_wide sc_layouts_hide_on_desktop sc_layouts_hide_on_notebook sc_fly_static elementor-widget elementor-widget-spacer\" data-id=\"4e0d101\" data-element_type=\"widget\" data-e-type=\"widget\" data-widget_type=\"spacer.default\">\n\t\t\t\t<div class=\"elementor-widget-container\">\n\t\t\t\t\t\t\t<div class=\"elementor-spacer\">\n\t\t\t<div class=\"elementor-spacer-inner\"><\/div>\n\t\t<\/div>\n\t\t\t\t\t\t<\/div>\n\t\t\t\t<\/div>\n\t\t\t\t<div data-animation-type=\"block\" class=\"elementor-element elementor-element-dc547a4 animation_type_block sc_fly_static elementor-invisible elementor-widget elementor-widget-toggle\" data-id=\"dc547a4\" data-element_type=\"widget\" data-e-type=\"widget\" data-settings=\"{&quot;_animation&quot;:&quot;floria-fadeinup&quot;,&quot;_animation_delay&quot;:200}\" data-widget_type=\"toggle.default\">\n\t\t\t\t<div class=\"elementor-widget-container\">\n\t\t\t\t\t\t\t<div class=\"elementor-toggle\">\n\t\t\t\t\t\t\t<div class=\"elementor-toggle-item\">\n\t\t\t\t\t<h5 id=\"elementor-tab-title-2311\" class=\"elementor-tab-title\" data-tab=\"1\" role=\"button\" aria-controls=\"elementor-tab-content-2311\" aria-expanded=\"false\">\n\t\t\t\t\t\t\t\t\t\t\t\t<span class=\"elementor-toggle-icon elementor-toggle-icon-right\" aria-hidden=\"true\">\n\t\t\t\t\t\t\t\t\t\t\t\t\t\t\t<span class=\"elementor-toggle-icon-closed\"><i class=\"fas fa-plus\"><\/i><\/span>\n\t\t\t\t\t\t\t\t<span class=\"elementor-toggle-icon-opened\"><i class=\"elementor-toggle-icon-opened fas fa-minus\"><\/i><\/span>\n\t\t\t\t\t\t\t\t\t\t\t\t\t<\/span>\n\t\t\t\t\t\t\t\t\t\t\t\t<a class=\"elementor-toggle-title\" tabindex=\"0\">Kas yra stabilizuoti augalai?<\/a>\n\t\t\t\t\t<\/h5>\n\n\t\t\t\t\t<div id=\"elementor-tab-content-2311\" class=\"elementor-tab-content elementor-clearfix\" data-tab=\"1\" role=\"region\" aria-labelledby=\"elementor-tab-title-2311\"><p>Tai skinti nat\u016bral\u016bs augalai, kuriems buvo atliktas specialus stabilizavimo procesas, siekiant i\u0161laikyti j\u0173 i\u0161vaizd\u0105 ir strukt\u016br\u0105 nepakitusi\u0105 apie 2-5 metus. Stabilizuojamos \u012fvairi\u0173 r\u016b\u0161i\u0173 skirtingos augalo dalys- \u0161akos su lapais, tik lapai, \u017eiedynai, \u017eoliniai stiebai, samanos.<\/p><\/div>\n\t\t\t\t<\/div>\n\t\t\t\t\t\t\t<div class=\"elementor-toggle-item\">\n\t\t\t\t\t<h5 id=\"elementor-tab-title-2312\" class=\"elementor-tab-title\" data-tab=\"2\" role=\"button\" aria-controls=\"elementor-tab-content-2312\" aria-expanded=\"false\">\n\t\t\t\t\t\t\t\t\t\t\t\t<span class=\"elementor-toggle-icon elementor-toggle-icon-right\" aria-hidden=\"true\">\n\t\t\t\t\t\t\t\t\t\t\t\t\t\t\t<span class=\"elementor-toggle-icon-closed\"><i class=\"fas fa-plus\"><\/i><\/span>\n\t\t\t\t\t\t\t\t<span class=\"elementor-toggle-icon-opened\"><i class=\"elementor-toggle-icon-opened fas fa-minus\"><\/i><\/span>\n\t\t\t\t\t\t\t\t\t\t\t\t\t<\/span>\n\t\t\t\t\t\t\t\t\t\t\t\t<a class=\"elementor-toggle-title\" tabindex=\"0\">K\u0105 pasirinkti: gyv\u0173, stabilizuot\u0173 ar dirbtini\u0173 augal\u0173 sien\u0105?<\/a>\n\t\t\t\t\t<\/h5>\n\n\t\t\t\t\t<div id=\"elementor-tab-content-2312\" class=\"elementor-tab-content elementor-clearfix\" data-tab=\"2\" role=\"region\" aria-labelledby=\"elementor-tab-title-2312\"><p>Pagrindiniai pasirinkimo kriterijai:<\/p><ul><li>\u012erengimo vieta ir insoliacija;<\/li><li>Prie\u017ei\u016bra;<\/li><li>Ilgaam\u017ei\u0161kumas;<\/li><li>Kaina.<\/li><\/ul><p>Gyv\u0173 augal\u0173 sienos \u012frengimas yra brangiausias ir augalai reikalauja prie\u017ei\u016bros, stabilizuot\u0173 augal\u0173 sienos \u012frengimas gali b\u016bti ekonomi\u0161kai lygiavertis dirbtini\u0173 augal\u0173 sienos \u012frengimui, ta\u010diau tai priklauso nuo pasirinktos augal\u0173 sud\u0117ties ir kokyb\u0117s, o prie\u017ei\u016bra jiems n\u0117ra b\u016btina. Tik \u012fvertinus kompleksi\u0161kai galima atsakyti koks sienos tipas yra tinkamiausias pasirinkimas.<\/p><\/div>\n\t\t\t\t<\/div>\n\t\t\t\t\t\t\t<div class=\"elementor-toggle-item\">\n\t\t\t\t\t<h5 id=\"elementor-tab-title-2313\" class=\"elementor-tab-title\" data-tab=\"3\" role=\"button\" aria-controls=\"elementor-tab-content-2313\" aria-expanded=\"false\">\n\t\t\t\t\t\t\t\t\t\t\t\t<span class=\"elementor-toggle-icon elementor-toggle-icon-right\" aria-hidden=\"true\">\n\t\t\t\t\t\t\t\t\t\t\t\t\t\t\t<span class=\"elementor-toggle-icon-closed\"><i class=\"fas fa-plus\"><\/i><\/span>\n\t\t\t\t\t\t\t\t<span class=\"elementor-toggle-icon-opened\"><i class=\"elementor-toggle-icon-opened fas fa-minus\"><\/i><\/span>\n\t\t\t\t\t\t\t\t\t\t\t\t\t<\/span>\n\t\t\t\t\t\t\t\t\t\t\t\t<a class=\"elementor-toggle-title\" tabindex=\"0\">Ar vykdote gyv\u0173 augal\u0173 prie\u017ei\u016br\u0105?<\/a>\n\t\t\t\t\t<\/h5>\n\n\t\t\t\t\t<div id=\"elementor-tab-content-2313\" class=\"elementor-tab-content elementor-clearfix\" data-tab=\"3\" role=\"region\" aria-labelledby=\"elementor-tab-title-2313\"><p>Taip, vykdome nuolatin\u0119 ar periodin\u0119 specializuot\u0105 gyv\u0173 augal\u0173 prie\u017ei\u016br\u0105 savo projektams atskiru susitarimu. Jei klientas prie\u017ei\u016bros paslaugos nepageidauja, po projekto \u012fgyvendinimo pateikiame rekomendacijas ra\u0161tu d\u0117l augal\u0173 prie\u017ei\u016bros ir rizikos veiksni\u0173.<\/p><\/div>\n\t\t\t\t<\/div>\n\t\t\t\t\t\t\t<div class=\"elementor-toggle-item\">\n\t\t\t\t\t<h5 id=\"elementor-tab-title-2314\" class=\"elementor-tab-title\" data-tab=\"4\" role=\"button\" aria-controls=\"elementor-tab-content-2314\" aria-expanded=\"false\">\n\t\t\t\t\t\t\t\t\t\t\t\t<span class=\"elementor-toggle-icon elementor-toggle-icon-right\" aria-hidden=\"true\">\n\t\t\t\t\t\t\t\t\t\t\t\t\t\t\t<span class=\"elementor-toggle-icon-closed\"><i class=\"fas fa-plus\"><\/i><\/span>\n\t\t\t\t\t\t\t\t<span class=\"elementor-toggle-icon-opened\"><i class=\"elementor-toggle-icon-opened fas fa-minus\"><\/i><\/span>\n\t\t\t\t\t\t\t\t\t\t\t\t\t<\/span>\n\t\t\t\t\t\t\t\t\t\t\t\t<a class=\"elementor-toggle-title\" tabindex=\"0\">Ar augalams yra suteikiama garantija?<\/a>\n\t\t\t\t\t<\/h5>\n\n\t\t\t\t\t<div id=\"elementor-tab-content-2314\" class=\"elementor-tab-content elementor-clearfix\" data-tab=\"4\" role=\"region\" aria-labelledby=\"elementor-tab-title-2314\"><p>Pagal Lietuvos vartotoj\u0173 teisi\u0173 \u012fstatymus augalams paprastai garantija nesuteikiama, nes augalai yra gyvi organizmai ir j\u0173 kokyb\u0117 priklauso nuo dinami\u0161k\u0173 veiksni\u0173, \u012fskaitant prie\u017ei\u016br\u0105, aplinkos s\u0105lygas ir vartotojo elges\u012f. Savo klientams suteikiame teis\u0119 \u012f prek\u0117s neatitikimo garantij\u0105, jei augalas buvo pa\u017eeistas d\u0117l pardav\u0117jo kalt\u0117s, supuv\u0119s, sausas ar tur\u0117jo lig\u0173 ir tai buvo pasteb\u0117ta per nustatyt\u0105 laik\u0105 po pirkimo (14 dien\u0173), vartotojas turi teis\u0119 gr\u0105\u017einti prek\u0119 arba reikalauti pakeisti j\u0105 kokybi\u0161ka.<\/p><\/div>\n\t\t\t\t<\/div>\n\t\t\t\t\t\t\t\t<\/div>\n\t\t\t\t\t\t<\/div>\n\t\t\t\t<\/div>\n\t\t\t\t\t<\/div>\n\t\t<\/div>\n\t\t\t\t\t<\/div>\n\t\t<\/section>\n\t\t\t\t\t<\/div>\n\t\t<\/div>\n\t\t\t\t\t<\/div>\n\t\t<\/section>\n\t\t\t\t<section class=\"elementor-section elementor-top-section elementor-element elementor-element-c9bd9c1 scheme_default elementor-section-boxed elementor-section-height-default elementor-section-height-default sc_fly_static\" data-id=\"c9bd9c1\" data-element_type=\"section\" data-e-type=\"section\" data-settings=\"{&quot;background_background&quot;:&quot;classic&quot;}\">\n\t\t\t\t\t\t<div class=\"elementor-container elementor-column-gap-extended\">\n\t\t\t\t\t<div class=\"elementor-column elementor-col-100 elementor-top-column elementor-element elementor-element-fa8cc7b sc_layouts_column_align_center sc_layouts_column sc_content_align_inherit sc_layouts_column_icons_position_left sc_fly_static\" data-id=\"fa8cc7b\" data-element_type=\"column\" data-e-type=\"column\">\n\t\t\t<div class=\"elementor-widget-wrap elementor-element-populated\">\n\t\t\t\t\t\t<div class=\"elementor-element elementor-element-6ff1d4b sc_height_huge sc_fly_static elementor-widget elementor-widget-spacer\" data-id=\"6ff1d4b\" data-element_type=\"widget\" data-e-type=\"widget\" data-widget_type=\"spacer.default\">\n\t\t\t\t<div class=\"elementor-widget-container\">\n\t\t\t\t\t\t\t<div class=\"elementor-spacer\">\n\t\t\t<div class=\"elementor-spacer-inner\"><\/div>\n\t\t<\/div>\n\t\t\t\t\t\t<\/div>\n\t\t\t\t<\/div>\n\t\t\t\t<div class=\"elementor-element elementor-element-4d4e09b sc_fly_static elementor-widget elementor-widget-trx_sc_title\" data-id=\"4d4e09b\" data-element_type=\"widget\" data-e-type=\"widget\" data-widget_type=\"trx_sc_title.default\">\n\t\t\t\t<div class=\"elementor-widget-container\">\n\t\t\t\t\t<div\t\tclass=\"sc_title sc_title_default\" ><span class=\"sc_item_subtitle sc_title_subtitle sc_item_subtitle_above sc_item_title_style_default\">Blog<\/span><h1 class=\"sc_item_title sc_title_title sc_item_title_style_default sc_item_title_tag\"\n\t\t\t><span class=\"sc_item_title_text\">Naujienos<\/span><\/h1><\/div>\t\t\t\t<\/div>\n\t\t\t\t<\/div>\n\t\t\t\t<div class=\"elementor-element elementor-element-65455a8 sc_height_medium sc_fly_static elementor-widget elementor-widget-spacer\" data-id=\"65455a8\" data-element_type=\"widget\" data-e-type=\"widget\" data-widget_type=\"spacer.default\">\n\t\t\t\t<div class=\"elementor-widget-container\">\n\t\t\t\t\t\t\t<div class=\"elementor-spacer\">\n\t\t\t<div class=\"elementor-spacer-inner\"><\/div>\n\t\t<\/div>\n\t\t\t\t\t\t<\/div>\n\t\t\t\t<\/div>\n\t\t\t\t<div data-animation-type=\"sequental\" data-animation-stagger=\"\" class=\"elementor-element elementor-element-1010e27 animation_type_sequental sc_style_default sc_fly_static elementor-invisible elementor-widget elementor-widget-trx_sc_blogger\" data-id=\"1010e27\" data-element_type=\"widget\" data-e-type=\"widget\" data-settings=\"{&quot;_animation&quot;:&quot;floria-fadeinup&quot;}\" data-widget_type=\"trx_sc_blogger.default\">\n\t\t\t\t<div class=\"elementor-widget-container\">\n\t\t\t\t\t<div \t\tclass=\"sc_blogger sc_blogger_default sc_blogger_default_classic sc_item_filters_tabs_none alignnone\" ><div class=\"sc_blogger_columns_wrap sc_item_columns sc_item_posts_container trx_addons_columns_wrap columns_padding_bottom columns_in_single_row\" ><div class=\"trx_addons_column-1_3\"><div data-post-id=\"37394\" data-item-number=\"1\" class=\"sc_blogger_item sc_item_container post_container sc_blogger_item_default sc_blogger_item_default_classic sc_blogger_item_odd sc_blogger_item_align_left post_format_standard sc_blogger_item_with_image sc_blogger_item_no_excerpt sc_blogger_item_image_position_top post-37394 post type-post status-publish format-standard hentry category-naujienos\" ><div class=\"sc_blogger_item_body\"><div class=\"sc_blogger_item_content entry-content\"><div class=\"post_meta sc_blogger_item_meta post_meta_categories\"><span class=\"post_meta_item post_categories cat_sep\"><a href=\"https:\/\/lowrain.lt\/?cat=322\" rel=\"category\">Naujienos<\/a><\/span><\/div><h5 class=\"sc_blogger_item_title entry-title\" data-item-number=\"1\"><a href=\"https:\/\/lowrain.lt\/?p=37394\" rel=\"bookmark\">Interjero ap\u017eeldinimo tendencijos 2025 m.<\/a><\/h5><div class=\"post_meta sc_blogger_item_meta post_meta\"><span class=\"post_meta_item post_date\"><a href=\"https:\/\/lowrain.lt\/?p=37394\">25 kovo, 2025<\/a><\/span><a href=\"https:\/\/lowrain.lt\/?p=37394#respond\" class=\"post_meta_item post_meta_comments icon-comment-light\"><span class=\"post_meta_number\">0<\/span><span class=\"post_meta_label\">Comments<\/span><\/a><\/div><\/div><!-- .entry-content --><\/div><!-- .sc_blogger_item_body --><\/div><!-- .sc_blogger_item --><\/div><div class=\"trx_addons_column-1_3\"><div data-post-id=\"37392\" data-item-number=\"2\" class=\"sc_blogger_item sc_item_container post_container sc_blogger_item_default sc_blogger_item_default_classic sc_blogger_item_even sc_blogger_item_align_left post_format_standard sc_blogger_item_with_image sc_blogger_item_no_excerpt sc_blogger_item_image_position_top post-37392 post type-post status-publish format-standard hentry category-naujienos\" ><div class=\"sc_blogger_item_body\"><div class=\"sc_blogger_item_content entry-content\"><div class=\"post_meta sc_blogger_item_meta post_meta_categories\"><span class=\"post_meta_item post_categories cat_sep\"><a href=\"https:\/\/lowrain.lt\/?cat=322\" rel=\"category\">Naujienos<\/a><\/span><\/div><h5 class=\"sc_blogger_item_title entry-title\" data-item-number=\"2\"><a href=\"https:\/\/lowrain.lt\/?p=37392\" rel=\"bookmark\">Gamta &#8211; m\u016bs\u0173 identiteto dalis<\/a><\/h5><div class=\"post_meta sc_blogger_item_meta post_meta\"><span class=\"post_meta_item post_date\"><a href=\"https:\/\/lowrain.lt\/?p=37392\">25 vasario, 2025<\/a><\/span><a href=\"https:\/\/lowrain.lt\/?p=37392#respond\" class=\"post_meta_item post_meta_comments icon-comment-light\"><span class=\"post_meta_number\">0<\/span><span class=\"post_meta_label\">Comments<\/span><\/a><\/div><\/div><!-- .entry-content --><\/div><!-- .sc_blogger_item_body --><\/div><!-- .sc_blogger_item --><\/div><div class=\"trx_addons_column-1_3\"><div data-post-id=\"37235\" data-item-number=\"3\" class=\"sc_blogger_item sc_item_container post_container sc_blogger_item_default sc_blogger_item_default_classic sc_blogger_item_odd sc_blogger_item_align_left post_format_standard sc_blogger_item_with_image sc_blogger_item_no_excerpt sc_blogger_item_image_position_top post-37235 post type-post status-publish format-standard hentry category-naujienos\" ><div class=\"sc_blogger_item_body\"><div class=\"sc_blogger_item_content entry-content\"><div class=\"post_meta sc_blogger_item_meta post_meta_categories\"><span class=\"post_meta_item post_categories cat_sep\"><a href=\"https:\/\/lowrain.lt\/?cat=322\" rel=\"category\">Naujienos<\/a><\/span><\/div><h5 class=\"sc_blogger_item_title entry-title\" data-item-number=\"3\"><a href=\"https:\/\/lowrain.lt\/?p=37235\" rel=\"bookmark\">Paprasti b\u016bdai kaip integruoti augalus savo aplinkoje<\/a><\/h5><div class=\"post_meta sc_blogger_item_meta post_meta\"><span class=\"post_meta_item post_date\"><a href=\"https:\/\/lowrain.lt\/?p=37235\">25 sausio, 2025<\/a><\/span><a href=\"https:\/\/lowrain.lt\/?p=37235#respond\" class=\"post_meta_item post_meta_comments icon-comment-light\"><span class=\"post_meta_number\">0<\/span><span class=\"post_meta_label\">Comments<\/span><\/a><\/div><\/div><!-- .entry-content --><\/div><!-- .sc_blogger_item_body --><\/div><!-- .sc_blogger_item --><\/div><\/div><\/div>\t\t\t\t<\/div>\n\t\t\t\t<\/div>\n\t\t\t\t<div class=\"elementor-element elementor-element-96c339c sc_height_huge sc_fly_static elementor-widget elementor-widget-spacer\" data-id=\"96c339c\" data-element_type=\"widget\" data-e-type=\"widget\" data-widget_type=\"spacer.default\">\n\t\t\t\t<div class=\"elementor-widget-container\">\n\t\t\t\t\t\t\t<div class=\"elementor-spacer\">\n\t\t\t<div class=\"elementor-spacer-inner\"><\/div>\n\t\t<\/div>\n\t\t\t\t\t\t<\/div>\n\t\t\t\t<\/div>\n\t\t\t\t\t<\/div>\n\t\t<\/div>\n\t\t\t\t\t<\/div>\n\t\t<\/section>\n\t\t\t\t<\/div>\n\t\t","protected":false},"excerpt":{"rendered":"<p>Kas yra stabilizuoti augalai? Tai skinti nat\u016bral\u016bs augalai, kuriems buvo atliktas specialus stabilizavimo procesas, siekiant i\u0161laikyti j\u0173 i\u0161vaizd\u0105 ir strukt\u016br\u0105 nepakitusi\u0105 apie 2-5 metus. Stabilizuojamos \u012fvairi\u0173 r\u016b\u0161i\u0173 skirtingos augalo dalys-&hellip;<\/p>\n","protected":false},"author":1,"featured_media":0,"parent":0,"menu_order":0,"comment_status":"closed","ping_status":"closed","template":"","meta":{"footnotes":""},"class_list":["post-4065","page","type-page","status-publish","hentry"],"_links":{"self":[{"href":"https:\/\/lowrain.lt\/index.php?rest_route=\/wp\/v2\/pages\/4065","targetHints":{"allow":["GET"]}}],"collection":[{"href":"https:\/\/lowrain.lt\/index.php?rest_route=\/wp\/v2\/pages"}],"about":[{"href":"https:\/\/lowrain.lt\/index.php?rest_route=\/wp\/v2\/types\/page"}],"author":[{"embeddable":true,"href":"https:\/\/lowrain.lt\/index.php?rest_route=\/wp\/v2\/users\/1"}],"replies":[{"embeddable":true,"href":"https:\/\/lowrain.lt\/index.php?rest_route=%2Fwp%2Fv2%2Fcomments&post=4065"}],"version-history":[{"count":22,"href":"https:\/\/lowrain.lt\/index.php?rest_route=\/wp\/v2\/pages\/4065\/revisions"}],"predecessor-version":[{"id":37571,"href":"https:\/\/lowrain.lt\/index.php?rest_route=\/wp\/v2\/pages\/4065\/revisions\/37571"}],"wp:attachment":[{"href":"https:\/\/lowrain.lt\/index.php?rest_route=%2Fwp%2Fv2%2Fmedia&parent=4065"}],"curies":[{"name":"wp","href":"https:\/\/api.w.org\/{rel}","templated":true}]}}